{"id":1577,"date":"2023-10-14T17:42:41","date_gmt":"2023-10-14T15:42:41","guid":{"rendered":"https:\/\/labradorsduboisdeslilas.com\/?page_id=1577"},"modified":"2024-02-04T17:13:44","modified_gmt":"2024-02-04T16:13:44","slug":"cadre-de-vie","status":"publish","type":"page","link":"https:\/\/labradorsduboisdeslilas.com\/?page_id=1577","title":{"rendered":"Cadre de vie"},"content":{"rendered":"\t\t<div data-elementor-type=\"wp-page\" data-elementor-id=\"1577\" class=\"elementor elementor-1577\">\n\t\t\t\t\t\t\t\t\t<section class=\"elementor-section elementor-top-section elementor-element elementor-element-294fcdd elementor-section-height-min-height elementor-section-full_width elementor-section-height-default elementor-section-items-middle\" data-id=\"294fcdd\" data-element_type=\"section\" data-settings=\"{&quot;background_background&quot;:&quot;classic&quot;}\">\n\t\t\t\t\t\t\t<div class=\"elementor-background-overlay\"><\/div>\n\t\t\t\t\t\t\t<div class=\"elementor-container elementor-column-gap-default\">\n\t\t\t\t\t<div class=\"elementor-column elementor-col-100 elementor-top-column elementor-element elementor-element-f1a44b9\" data-id=\"f1a44b9\" data-element_type=\"column\">\n\t\t\t<div class=\"elementor-widget-wrap elementor-element-populated\">\n\t\t\t\t\t\t\t\t<div class=\"elementor-element elementor-element-65a40f7 elementor-widget elementor-widget-heading\" data-id=\"65a40f7\" data-element_type=\"widget\" data-widget_type=\"heading.default\">\n\t\t\t\t<div class=\"elementor-widget-container\">\n\t\t\t<style>\/*! elementor - v3.15.0 - 09-08-2023 *\/\n.elementor-heading-title{padding:0;margin:0;line-height:1}.elementor-widget-heading .elementor-heading-title[class*=elementor-size-]>a{color:inherit;font-size:inherit;line-height:inherit}.elementor-widget-heading .elementor-heading-title.elementor-size-small{font-size:15px}.elementor-widget-heading .elementor-heading-title.elementor-size-medium{font-size:19px}.elementor-widget-heading .elementor-heading-title.elementor-size-large{font-size:29px}.elementor-widget-heading .elementor-heading-title.elementor-size-xl{font-size:39px}.elementor-widget-heading .elementor-heading-title.elementor-size-xxl{font-size:59px}<\/style><h1 class=\"elementor-heading-title elementor-size-default\">Cadre de vie<\/h1>\t\t<\/div>\n\t\t\t\t<\/div>\n\t\t\t\t\t<\/div>\n\t\t<\/div>\n\t\t\t\t\t\t\t<\/div>\n\t\t<\/section>\n\t\t\t\t<section class=\"elementor-section elementor-top-section elementor-element elementor-element-034f786 elementor-section-boxed elementor-section-height-default elementor-section-height-default\" data-id=\"034f786\" data-element_type=\"section\">\n\t\t\t\t\t\t<div class=\"elementor-container elementor-column-gap-default\">\n\t\t\t\t\t<div class=\"elementor-column elementor-col-100 elementor-top-column elementor-element elementor-element-ba0c118\" data-id=\"ba0c118\" data-element_type=\"column\">\n\t\t\t<div class=\"elementor-widget-wrap elementor-element-populated\">\n\t\t\t\t\t\t\t\t<div class=\"elementor-element elementor-element-3dc998b elementor-widget elementor-widget-heading\" data-id=\"3dc998b\" data-element_type=\"widget\" data-widget_type=\"heading.default\">\n\t\t\t\t<div class=\"elementor-widget-container\">\n\t\t\t<h4 class=\"elementor-heading-title elementor-size-default\">Un cadre de vie privil\u00e9gi\u00e9 pour des chiens \u00e9quilibr\u00e9s et en pleine forme !<\/h4>\t\t<\/div>\n\t\t\t\t<\/div>\n\t\t\t\t<div class=\"elementor-element elementor-element-9fdb291 elementor-widget elementor-widget-image\" data-id=\"9fdb291\" data-element_type=\"widget\" data-widget_type=\"image.default\">\n\t\t\t\t<div class=\"elementor-widget-container\">\n\t\t\t<style>\/*! elementor - v3.15.0 - 09-08-2023 *\/\n.elementor-widget-image{text-align:center}.elementor-widget-image a{display:inline-block}.elementor-widget-image a img[src$=\".svg\"]{width:48px}.elementor-widget-image img{vertical-align:middle;display:inline-block}<\/style>\t\t\t\t\t\t\t\t\t\t\t\t<img loading=\"lazy\" decoding=\"async\" width=\"1440\" height=\"1000\" src=\"https:\/\/labradorsduboisdeslilas.com\/wp-content\/uploads\/2023\/10\/Cadre-Recadre.jpg\" class=\"attachment-full size-full wp-image-1582\" alt=\"\" srcset=\"https:\/\/labradorsduboisdeslilas.com\/wp-content\/uploads\/2023\/10\/Cadre-Recadre.jpg 1440w, https:\/\/labradorsduboisdeslilas.com\/wp-content\/uploads\/2023\/10\/Cadre-Recadre-300x208.jpg 300w, https:\/\/labradorsduboisdeslilas.com\/wp-content\/uploads\/2023\/10\/Cadre-Recadre-1024x711.jpg 1024w, https:\/\/labradorsduboisdeslilas.com\/wp-content\/uploads\/2023\/10\/Cadre-Recadre-768x533.jpg 768w\" sizes=\"auto, (max-width: 1440px) 100vw, 1440px\" \/>\t\t\t\t\t\t\t\t\t\t\t\t\t\t\t<\/div>\n\t\t\t\t<\/div>\n\t\t\t\t<div class=\"elementor-element elementor-element-d704006 elementor-widget elementor-widget-text-editor\" data-id=\"d704006\" data-element_type=\"widget\" data-widget_type=\"text-editor.default\">\n\t\t\t\t<div class=\"elementor-widget-container\">\n\t\t\t<style>\/*! elementor - v3.15.0 - 09-08-2023 *\/\n.elementor-widget-text-editor.elementor-drop-cap-view-stacked .elementor-drop-cap{background-color:#69727d;color:#fff}.elementor-widget-text-editor.elementor-drop-cap-view-framed .elementor-drop-cap{color:#69727d;border:3px solid;background-color:transparent}.elementor-widget-text-editor:not(.elementor-drop-cap-view-default) .elementor-drop-cap{margin-top:8px}.elementor-widget-text-editor:not(.elementor-drop-cap-view-default) .elementor-drop-cap-letter{width:1em;height:1em}.elementor-widget-text-editor .elementor-drop-cap{float:left;text-align:center;line-height:1;font-size:50px}.elementor-widget-text-editor .elementor-drop-cap-letter{display:inline-block}<\/style>\t\t\t\t<p><span style=\"font-size: 15px;\">Passionn\u00e9 avant tout, j&rsquo;ai toujours port\u00e9 une attention particuli\u00e8re au respect de la vie animale et je veille \u00e0 offrir \u00e0 mes chiens amour et cadre familial.<\/span><\/p><p><span style=\"font-size: 15px;\">Mes chiots suivent un protocole de sociabilisation d\u00e8s l&rsquo;\u00e2ge requis, ce qui leur permet d&rsquo;\u00eatre tr\u00e8s \u00e9quilibr\u00e9s et de s&rsquo;adapter rapidement \u00e0 leur nouvelle famille sans stress et dans les meilleures conditions.<\/span><\/p>\t\t\t\t\t\t<\/div>\n\t\t\t\t<\/div>\n\t\t\t\t<div class=\"elementor-element elementor-element-33e9aa2 elementor-widget elementor-widget-heading\" data-id=\"33e9aa2\" data-element_type=\"widget\" data-widget_type=\"heading.default\">\n\t\t\t\t<div class=\"elementor-widget-container\">\n\t\t\t<h4 class=\"elementor-heading-title elementor-size-default\">Pour une int\u00e9gration r\u00e9ussie de votre chiot au sein de votre famille<\/h4>\t\t<\/div>\n\t\t\t\t<\/div>\n\t\t\t\t<div class=\"elementor-element elementor-element-47aee3d elementor-widget elementor-widget-text-editor\" data-id=\"47aee3d\" data-element_type=\"widget\" data-widget_type=\"text-editor.default\">\n\t\t\t\t<div class=\"elementor-widget-container\">\n\t\t\t\t\t\t\t<p>J&rsquo;attache une importance toute particuli\u00e8re \u00e0 la sociabilisation de mes chiots avant de les vendre et vous devrez poursuivre ce travail d\u00e8s l&rsquo;arriv\u00e9e du chiot au sein de votre foyer. <b><u>C&rsquo;est indispensable pour le bon \u00e9quilibre de votre nouveau compagnon.<\/u><\/b><\/p><p>\u00a0<\/p><p>La loi interdit de vendre des chiots avant l&rsquo;\u00e2ge de 8 semaines et ce pour de bonnes raisons. En effet un chiot s\u00e9par\u00e9 trop t\u00f4t de sa m\u00e8re et de sa fratie risque de pr\u00e9senter des troubles du comportement.<\/p><p>\u00a0<\/p><p>Notre travail de sociabilisation permet aux chiots de se familiariser avec l&rsquo;ext\u00e9rieur. Cette petite meute est surveill\u00e9e aussi par la m\u00e8re, celle-ci joue un r\u00f4le tr\u00e8s important dans le d\u00e9veloppement psychologique du chiot.<br \/>Une fois s\u00e9par\u00e9 de sa premi\u00e8re famille, le chiot va tout naturellement appliquer ou tenter d&rsquo;appliquer les codes de la vie qui lui sont propres.<\/p><p>\u00a0<\/p><p>A l&rsquo;\u00e2ge de son d\u00e9part de l&rsquo;\u00e9levage, le chiot entre dans la p\u00e9riode de d\u00e9veloppement psychique dite \u00ab d&rsquo;aversion \u00bb, c&rsquo;est \u00e0 dire que contrairement \u00e0 la p\u00e9riode dite \u00ab d&rsquo;attraction \u00bb de 3 \u00e0 6 semaines pendant laquelle tout ce qu&rsquo;il rencontre lui semble gentil, le chiot devient inquiet face \u00e0 tout ce qui lui est inconnu.<br \/>Vous devrez alors le rassurer, le conforter et l&rsquo;\u00e9duquer par m\u00e9thode de renforcement positif.<\/p>\t\t\t\t\t\t<\/div>\n\t\t\t\t<\/div>\n\t\t\t\t\t<\/div>\n\t\t<\/div>\n\t\t\t\t\t\t\t<\/div>\n\t\t<\/section>\n\t\t\t\t<section class=\"elementor-section elementor-top-section elementor-element elementor-element-e889fc3 elementor-section-boxed elementor-section-height-default elementor-section-height-default\" data-id=\"e889fc3\" data-element_type=\"section\" data-settings=\"{&quot;background_background&quot;:&quot;classic&quot;}\">\n\t\t\t\t\t\t<div class=\"elementor-container elementor-column-gap-default\">\n\t\t\t\t\t<div class=\"elementor-column elementor-col-33 elementor-top-column elementor-element elementor-element-3c8f4a8\" data-id=\"3c8f4a8\" data-element_type=\"column\">\n\t\t\t<div class=\"elementor-widget-wrap\">\n\t\t\t\t\t\t\t\t\t<\/div>\n\t\t<\/div>\n\t\t\t\t<div class=\"elementor-column elementor-col-33 elementor-top-column elementor-element elementor-element-ebb2ba7\" data-id=\"ebb2ba7\" data-element_type=\"column\">\n\t\t\t<div class=\"elementor-widget-wrap elementor-element-populated\">\n\t\t\t\t\t\t\t\t<div class=\"elementor-element elementor-element-14b6458 elementor-widget elementor-widget-image\" data-id=\"14b6458\" data-element_type=\"widget\" data-widget_type=\"image.default\">\n\t\t\t\t<div class=\"elementor-widget-container\">\n\t\t\t\t\t\t\t\t\t\t\t\t\t\t\t<img loading=\"lazy\" decoding=\"async\" width=\"46\" height=\"38\" src=\"https:\/\/labradorsduboisdeslilas.com\/wp-content\/uploads\/2021\/11\/quotes.svg\" class=\"attachment-full size-full wp-image-117\" alt=\"\" \/>\t\t\t\t\t\t\t\t\t\t\t\t\t\t\t<\/div>\n\t\t\t\t<\/div>\n\t\t\t\t<div class=\"elementor-element elementor-element-beb0353 elementor-widget elementor-widget-heading\" data-id=\"beb0353\" data-element_type=\"widget\" data-widget_type=\"heading.default\">\n\t\t\t\t<div class=\"elementor-widget-container\">\n\t\t\t<h4 class=\"elementor-heading-title elementor-size-default\">\u201cN'oubliez pas que je serai toujours pr\u00e9sent afin de r\u00e9pondre \u00e0 vos questions\u201d<\/h4>\t\t<\/div>\n\t\t\t\t<\/div>\n\t\t\t\t<div class=\"elementor-element elementor-element-4e74ae5 elementor-widget elementor-widget-image\" data-id=\"4e74ae5\" data-element_type=\"widget\" data-widget_type=\"image.default\">\n\t\t\t\t<div class=\"elementor-widget-container\">\n\t\t\t\t\t\t\t\t\t\t\t\t\t\t\t<img loading=\"lazy\" decoding=\"async\" width=\"200\" height=\"200\" src=\"https:\/\/labradorsduboisdeslilas.com\/wp-content\/uploads\/2023\/10\/Roland.jpg\" class=\"attachment-full size-full wp-image-1474\" alt=\"\" srcset=\"https:\/\/labradorsduboisdeslilas.com\/wp-content\/uploads\/2023\/10\/Roland.jpg 200w, https:\/\/labradorsduboisdeslilas.com\/wp-content\/uploads\/2023\/10\/Roland-150x150.jpg 150w\" sizes=\"auto, (max-width: 200px) 100vw, 200px\" \/>\t\t\t\t\t\t\t\t\t\t\t\t\t\t\t<\/div>\n\t\t\t\t<\/div>\n\t\t\t\t<div class=\"elementor-element elementor-element-ec91cfa elementor-widget elementor-widget-text-editor\" data-id=\"ec91cfa\" data-element_type=\"widget\" data-widget_type=\"text-editor.default\">\n\t\t\t\t<div class=\"elementor-widget-container\">\n\t\t\t\t\t\t\t<p>Roland Prabonne<\/p>\t\t\t\t\t\t<\/div>\n\t\t\t\t<\/div>\n\t\t\t\t\t<\/div>\n\t\t<\/div>\n\t\t\t\t<div class=\"elementor-column elementor-col-33 elementor-top-column elementor-element elementor-element-9e16007\" data-id=\"9e16007\" data-element_type=\"column\">\n\t\t\t<div class=\"elementor-widget-wrap\">\n\t\t\t\t\t\t\t\t\t<\/div>\n\t\t<\/div>\n\t\t\t\t\t\t\t<\/div>\n\t\t<\/section>\n\t\t\t\t\t\t\t<\/div>\n\t\t","protected":false},"excerpt":{"rendered":"<p>Cadre de vie Un cadre de vie privil\u00e9gi\u00e9 pour des chiens \u00e9quilibr\u00e9s et en pleine forme ! Passionn\u00e9 avant tout, j&rsquo;ai toujours port\u00e9 une attention particuli\u00e8re au respect de la vie animale et je veille \u00e0 offrir \u00e0 mes chiens amour et cadre familial. Mes chiots suivent un protocole de sociabilisation d\u00e8s l&rsquo;\u00e2ge requis, ce &hellip;<\/p>\n<p class=\"read-more\"> <a class=\"\" href=\"https:\/\/labradorsduboisdeslilas.com\/?page_id=1577\"> <span class=\"screen-reader-text\">Cadre de vie<\/span> Lire la suite\u00a0\u00bb<\/a><\/p>\n","protected":false},"author":1,"featured_media":0,"parent":0,"menu_order":0,"comment_status":"closed","ping_status":"closed","template":"","meta":{"site-sidebar-layout":"no-sidebar","site-content-layout":"page-builder","ast-global-header-display":"","ast-banner-title-visibility":"","ast-main-header-display":"","ast-hfb-above-header-display":"","ast-hfb-below-header-display":"","ast-hfb-mobile-header-display":"","site-post-title":"disabled","ast-breadcrumbs-content":"","ast-featured-img":"disabled","footer-sml-layout":"","theme-transparent-header-meta":"enabled","adv-header-id-meta":"","stick-header-meta":"","header-above-stick-meta":"","header-main-stick-meta":"","header-below-stick-meta":"","_themeisle_gutenberg_block_has_review":false,"footnotes":""},"class_list":["post-1577","page","type-page","status-publish","hentry"],"yoast_head":"<!-- This site is optimized with the Yoast SEO plugin v21.4 - https:\/\/yoast.com\/wordpress\/plugins\/seo\/ -->\n<title>Cadre de vie - Labradors du Bois des Lilas<\/title>\n<meta name=\"description\" content=\"Un cadre de vie privil\u00e9gi\u00e9 pour des chiens \u00e9quilibr\u00e9s et en pleine forme ! Passionn\u00e9 avant tout, j\u2019ai toujours port\u00e9 une attention particuli\u00e8re au respect de la vie animale et je veille \u00e0 offrir \u00e0 mes chiens amour et cadre familial.Mes chiots suivent un protocole de sociabilisation d\u00e8s l\u2019\u00e2ge requis, ce qui leur permet d\u2019\u00eatre tr\u00e8s \u00e9quilibr\u00e9s et de s\u2019adapter rapidement \u00e0 leur nouvelle famille sans stress et dans les meilleures conditions.\" \/>\n<meta name=\"robots\" content=\"index, follow, max-snippet:-1, max-image-preview:large, max-video-preview:-1\" \/>\n<link rel=\"canonical\" href=\"https:\/\/labradorsduboisdeslilas.com\/?page_id=1577\" \/>\n<meta property=\"og:locale\" content=\"fr_FR\" \/>\n<meta property=\"og:type\" content=\"article\" \/>\n<meta property=\"og:title\" content=\"Cadre de vie - Labradors du Bois des Lilas\" \/>\n<meta property=\"og:description\" content=\"Un cadre de vie privil\u00e9gi\u00e9 pour des chiens \u00e9quilibr\u00e9s et en pleine forme ! Passionn\u00e9 avant tout, j\u2019ai toujours port\u00e9 une attention particuli\u00e8re au respect de la vie animale et je veille \u00e0 offrir \u00e0 mes chiens amour et cadre familial.Mes chiots suivent un protocole de sociabilisation d\u00e8s l\u2019\u00e2ge requis, ce qui leur permet d\u2019\u00eatre tr\u00e8s \u00e9quilibr\u00e9s et de s\u2019adapter rapidement \u00e0 leur nouvelle famille sans stress et dans les meilleures conditions.\" \/>\n<meta property=\"og:url\" content=\"https:\/\/labradorsduboisdeslilas.com\/?page_id=1577\" \/>\n<meta property=\"og:site_name\" content=\"Labradors du Bois des Lilas\" \/>\n<meta property=\"article:publisher\" content=\"https:\/\/www.facebook.com\/ElevageDuBoisDesLilas\" \/>\n<meta property=\"article:modified_time\" content=\"2024-02-04T16:13:44+00:00\" \/>\n<meta property=\"og:image\" content=\"https:\/\/labradorsduboisdeslilas.com\/wp-content\/uploads\/2023\/10\/Cadre-Recadre.jpg\" \/>\n<meta name=\"twitter:card\" content=\"summary_large_image\" \/>\n<meta name=\"twitter:label1\" content=\"Dur\u00e9e de lecture estim\u00e9e\" \/>\n\t<meta name=\"twitter:data1\" content=\"3 minutes\" \/>\n<script type=\"application\/ld+json\" class=\"yoast-schema-graph\">{\"@context\":\"https:\/\/schema.org\",\"@graph\":[{\"@type\":\"WebPage\",\"@id\":\"https:\/\/labradorsduboisdeslilas.com\/?page_id=1577\",\"url\":\"https:\/\/labradorsduboisdeslilas.com\/?page_id=1577\",\"name\":\"Cadre de vie - Labradors du Bois des Lilas\",\"isPartOf\":{\"@id\":\"https:\/\/labradorsduboisdeslilas.com\/#website\"},\"datePublished\":\"2023-10-14T15:42:41+00:00\",\"dateModified\":\"2024-02-04T16:13:44+00:00\",\"description\":\"Un cadre de vie privil\u00e9gi\u00e9 pour des chiens \u00e9quilibr\u00e9s et en pleine forme ! Passionn\u00e9 avant tout, j\u2019ai toujours port\u00e9 une attention particuli\u00e8re au respect de la vie animale et je veille \u00e0 offrir \u00e0 mes chiens amour et cadre familial.Mes chiots suivent un protocole de sociabilisation d\u00e8s l\u2019\u00e2ge requis, ce qui leur permet d\u2019\u00eatre tr\u00e8s \u00e9quilibr\u00e9s et de s\u2019adapter rapidement \u00e0 leur nouvelle famille sans stress et dans les meilleures conditions.\",\"breadcrumb\":{\"@id\":\"https:\/\/labradorsduboisdeslilas.com\/?page_id=1577#breadcrumb\"},\"inLanguage\":\"fr-FR\",\"potentialAction\":[{\"@type\":\"ReadAction\",\"target\":[\"https:\/\/labradorsduboisdeslilas.com\/?page_id=1577\"]}]},{\"@type\":\"BreadcrumbList\",\"@id\":\"https:\/\/labradorsduboisdeslilas.com\/?page_id=1577#breadcrumb\",\"itemListElement\":[{\"@type\":\"ListItem\",\"position\":1,\"name\":\"Accueil\",\"item\":\"https:\/\/labradorsduboisdeslilas.com\/\"},{\"@type\":\"ListItem\",\"position\":2,\"name\":\"Cadre de vie\"}]},{\"@type\":\"WebSite\",\"@id\":\"https:\/\/labradorsduboisdeslilas.com\/#website\",\"url\":\"https:\/\/labradorsduboisdeslilas.com\/\",\"name\":\"Labradors du Bois des Lilas\",\"description\":\"Plus que des animaux, des compagnons de vie\",\"publisher\":{\"@id\":\"https:\/\/labradorsduboisdeslilas.com\/#organization\"},\"potentialAction\":[{\"@type\":\"SearchAction\",\"target\":{\"@type\":\"EntryPoint\",\"urlTemplate\":\"https:\/\/labradorsduboisdeslilas.com\/?s={search_term_string}\"},\"query-input\":\"required name=search_term_string\"}],\"inLanguage\":\"fr-FR\"},{\"@type\":\"Organization\",\"@id\":\"https:\/\/labradorsduboisdeslilas.com\/#organization\",\"name\":\"Labradors du Bois des Lilas\",\"url\":\"https:\/\/labradorsduboisdeslilas.com\/\",\"logo\":{\"@type\":\"ImageObject\",\"inLanguage\":\"fr-FR\",\"@id\":\"https:\/\/labradorsduboisdeslilas.com\/#\/schema\/logo\/image\/\",\"url\":\"https:\/\/labradorsduboisdeslilas.com\/wp-content\/uploads\/2023\/10\/LogoLabradorsBoisdesLilas.png\",\"contentUrl\":\"https:\/\/labradorsduboisdeslilas.com\/wp-content\/uploads\/2023\/10\/LogoLabradorsBoisdesLilas.png\",\"width\":800,\"height\":196,\"caption\":\"Labradors du Bois des Lilas\"},\"image\":{\"@id\":\"https:\/\/labradorsduboisdeslilas.com\/#\/schema\/logo\/image\/\"},\"sameAs\":[\"https:\/\/www.facebook.com\/ElevageDuBoisDesLilas\",\"https:\/\/www.instagram.com\/labradors_duboisdeslilas\/\"]}]}<\/script>\n<!-- \/ Yoast SEO plugin. -->","yoast_head_json":{"title":"Cadre de vie - Labradors du Bois des Lilas","description":"Un cadre de vie privil\u00e9gi\u00e9 pour des chiens \u00e9quilibr\u00e9s et en pleine forme ! Passionn\u00e9 avant tout, j\u2019ai toujours port\u00e9 une attention particuli\u00e8re au respect de la vie animale et je veille \u00e0 offrir \u00e0 mes chiens amour et cadre familial.Mes chiots suivent un protocole de sociabilisation d\u00e8s l\u2019\u00e2ge requis, ce qui leur permet d\u2019\u00eatre tr\u00e8s \u00e9quilibr\u00e9s et de s\u2019adapter rapidement \u00e0 leur nouvelle famille sans stress et dans les meilleures conditions.","robots":{"index":"index","follow":"follow","max-snippet":"max-snippet:-1","max-image-preview":"max-image-preview:large","max-video-preview":"max-video-preview:-1"},"canonical":"https:\/\/labradorsduboisdeslilas.com\/?page_id=1577","og_locale":"fr_FR","og_type":"article","og_title":"Cadre de vie - Labradors du Bois des Lilas","og_description":"Un cadre de vie privil\u00e9gi\u00e9 pour des chiens \u00e9quilibr\u00e9s et en pleine forme ! Passionn\u00e9 avant tout, j\u2019ai toujours port\u00e9 une attention particuli\u00e8re au respect de la vie animale et je veille \u00e0 offrir \u00e0 mes chiens amour et cadre familial.Mes chiots suivent un protocole de sociabilisation d\u00e8s l\u2019\u00e2ge requis, ce qui leur permet d\u2019\u00eatre tr\u00e8s \u00e9quilibr\u00e9s et de s\u2019adapter rapidement \u00e0 leur nouvelle famille sans stress et dans les meilleures conditions.","og_url":"https:\/\/labradorsduboisdeslilas.com\/?page_id=1577","og_site_name":"Labradors du Bois des Lilas","article_publisher":"https:\/\/www.facebook.com\/ElevageDuBoisDesLilas","article_modified_time":"2024-02-04T16:13:44+00:00","og_image":[{"url":"https:\/\/labradorsduboisdeslilas.com\/wp-content\/uploads\/2023\/10\/Cadre-Recadre.jpg"}],"twitter_card":"summary_large_image","twitter_misc":{"Dur\u00e9e de lecture estim\u00e9e":"3 minutes"},"schema":{"@context":"https:\/\/schema.org","@graph":[{"@type":"WebPage","@id":"https:\/\/labradorsduboisdeslilas.com\/?page_id=1577","url":"https:\/\/labradorsduboisdeslilas.com\/?page_id=1577","name":"Cadre de vie - Labradors du Bois des Lilas","isPartOf":{"@id":"https:\/\/labradorsduboisdeslilas.com\/#website"},"datePublished":"2023-10-14T15:42:41+00:00","dateModified":"2024-02-04T16:13:44+00:00","description":"Un cadre de vie privil\u00e9gi\u00e9 pour des chiens \u00e9quilibr\u00e9s et en pleine forme ! Passionn\u00e9 avant tout, j\u2019ai toujours port\u00e9 une attention particuli\u00e8re au respect de la vie animale et je veille \u00e0 offrir \u00e0 mes chiens amour et cadre familial.Mes chiots suivent un protocole de sociabilisation d\u00e8s l\u2019\u00e2ge requis, ce qui leur permet d\u2019\u00eatre tr\u00e8s \u00e9quilibr\u00e9s et de s\u2019adapter rapidement \u00e0 leur nouvelle famille sans stress et dans les meilleures conditions.","breadcrumb":{"@id":"https:\/\/labradorsduboisdeslilas.com\/?page_id=1577#breadcrumb"},"inLanguage":"fr-FR","potentialAction":[{"@type":"ReadAction","target":["https:\/\/labradorsduboisdeslilas.com\/?page_id=1577"]}]},{"@type":"BreadcrumbList","@id":"https:\/\/labradorsduboisdeslilas.com\/?page_id=1577#breadcrumb","itemListElement":[{"@type":"ListItem","position":1,"name":"Accueil","item":"https:\/\/labradorsduboisdeslilas.com\/"},{"@type":"ListItem","position":2,"name":"Cadre de vie"}]},{"@type":"WebSite","@id":"https:\/\/labradorsduboisdeslilas.com\/#website","url":"https:\/\/labradorsduboisdeslilas.com\/","name":"Labradors du Bois des Lilas","description":"Plus que des animaux, des compagnons de vie","publisher":{"@id":"https:\/\/labradorsduboisdeslilas.com\/#organization"},"potentialAction":[{"@type":"SearchAction","target":{"@type":"EntryPoint","urlTemplate":"https:\/\/labradorsduboisdeslilas.com\/?s={search_term_string}"},"query-input":"required name=search_term_string"}],"inLanguage":"fr-FR"},{"@type":"Organization","@id":"https:\/\/labradorsduboisdeslilas.com\/#organization","name":"Labradors du Bois des Lilas","url":"https:\/\/labradorsduboisdeslilas.com\/","logo":{"@type":"ImageObject","inLanguage":"fr-FR","@id":"https:\/\/labradorsduboisdeslilas.com\/#\/schema\/logo\/image\/","url":"https:\/\/labradorsduboisdeslilas.com\/wp-content\/uploads\/2023\/10\/LogoLabradorsBoisdesLilas.png","contentUrl":"https:\/\/labradorsduboisdeslilas.com\/wp-content\/uploads\/2023\/10\/LogoLabradorsBoisdesLilas.png","width":800,"height":196,"caption":"Labradors du Bois des Lilas"},"image":{"@id":"https:\/\/labradorsduboisdeslilas.com\/#\/schema\/logo\/image\/"},"sameAs":["https:\/\/www.facebook.com\/ElevageDuBoisDesLilas","https:\/\/www.instagram.com\/labradors_duboisdeslilas\/"]}]}},"_links":{"self":[{"href":"https:\/\/labradorsduboisdeslilas.com\/index.php?rest_route=\/wp\/v2\/pages\/1577","targetHints":{"allow":["GET"]}}],"collection":[{"href":"https:\/\/labradorsduboisdeslilas.com\/index.php?rest_route=\/wp\/v2\/pages"}],"about":[{"href":"https:\/\/labradorsduboisdeslilas.com\/index.php?rest_route=\/wp\/v2\/types\/page"}],"author":[{"embeddable":true,"href":"https:\/\/labradorsduboisdeslilas.com\/index.php?rest_route=\/wp\/v2\/users\/1"}],"replies":[{"embeddable":true,"href":"https:\/\/labradorsduboisdeslilas.com\/index.php?rest_route=%2Fwp%2Fv2%2Fcomments&post=1577"}],"version-history":[{"count":15,"href":"https:\/\/labradorsduboisdeslilas.com\/index.php?rest_route=\/wp\/v2\/pages\/1577\/revisions"}],"predecessor-version":[{"id":1732,"href":"https:\/\/labradorsduboisdeslilas.com\/index.php?rest_route=\/wp\/v2\/pages\/1577\/revisions\/1732"}],"wp:attachment":[{"href":"https:\/\/labradorsduboisdeslilas.com\/index.php?rest_route=%2Fwp%2Fv2%2Fmedia&parent=1577"}],"curies":[{"name":"wp","href":"https:\/\/api.w.org\/{rel}","templated":true}]}}